{"id":10,"date":"2017-11-04T08:49:50","date_gmt":"2017-11-04T07:49:50","guid":{"rendered":"http:\/\/etcinformatica.es\/wordpress\/?page_id=10"},"modified":"2018-04-16T08:59:49","modified_gmt":"2018-04-16T07:59:49","slug":"servicios","status":"publish","type":"page","link":"https:\/\/etcinformatica.es\/wordpress\/?page_id=10","title":{"rendered":"Servicios"},"content":{"rendered":"<p style=\"text-align: center;\">En ETC Inform\u00e1tica ofrecemos servicio t\u00e9cnico con experiencia, proporcionando los materiales necesarios para la reparaci\u00f3n de sus equipos.<\/p>\n<p style=\"text-align: center;\">Contacte con nosotros para recibir asesoramiento t\u00e9cnico personalizado sin compromiso.<\/p>\n<p style=\"text-align: center;\">Ofrecemos soluciones con las ultimas tecnolog\u00edas del mercado, optimizando sus recursos para as\u00ed poder contabilizar los sistemas de gesti\u00f3n de su empresa.<\/p>\n<p style=\"text-align: center;\">\n","protected":false},"excerpt":{"rendered":"<p>En ETC Inform\u00e1tica ofrecemos servicio t\u00e9cnico con experiencia, proporcionando los materiales necesarios para la reparaci\u00f3n de sus equipos. Contacte con nosotros para recibir asesoramiento t\u00e9cnico personalizado sin compromiso. Ofrecemos soluciones con las ultimas tecnolog\u00edas del mercado, optimizando sus recursos para as\u00ed poder contabilizar los sistemas de gesti\u00f3n de su empresa.<\/p>\n","protected":false},"author":1,"featured_media":0,"parent":0,"menu_order":2,"comment_status":"closed","ping_status":"closed","template":"layouts\/page-fullwidth.php","meta":{"footnotes":""},"class_list":["post-10","page","type-page","status-publish","hentry"],"_links":{"self":[{"href":"https:\/\/etcinformatica.es\/wordpress\/index.php?rest_route=\/wp\/v2\/pages\/10","targetHints":{"allow":["GET"]}}],"collection":[{"href":"https:\/\/etcinformatica.es\/wordpress\/index.php?rest_route=\/wp\/v2\/pages"}],"about":[{"href":"https:\/\/etcinformatica.es\/wordpress\/index.php?rest_route=\/wp\/v2\/types\/page"}],"author":[{"embeddable":true,"href":"https:\/\/etcinformatica.es\/wordpress\/index.php?rest_route=\/wp\/v2\/users\/1"}],"replies":[{"embeddable":true,"href":"https:\/\/etcinformatica.es\/wordpress\/index.php?rest_route=%2Fwp%2Fv2%2Fcomments&post=10"}],"version-history":[{"count":5,"href":"https:\/\/etcinformatica.es\/wordpress\/index.php?rest_route=\/wp\/v2\/pages\/10\/revisions"}],"predecessor-version":[{"id":64,"href":"https:\/\/etcinformatica.es\/wordpress\/index.php?rest_route=\/wp\/v2\/pages\/10\/revisions\/64"}],"wp:attachment":[{"href":"https:\/\/etcinformatica.es\/wordpress\/index.php?rest_route=%2Fwp%2Fv2%2Fmedia&parent=10"}],"curies":[{"name":"wp","href":"https:\/\/api.w.org\/{rel}","templated":true}]}}